{"id":231,"date":"2019-05-18T16:47:08","date_gmt":"2019-05-18T14:47:08","guid":{"rendered":"https:\/\/artisanartistique.fr\/?page_id=231"},"modified":"2022-01-23T17:38:08","modified_gmt":"2022-01-23T16:38:08","slug":"slash","status":"publish","type":"page","link":"https:\/\/artisanartistique.fr\/index.php\/slash\/","title":{"rendered":"\\SLASH\/"},"content":{"rendered":"<h1 style=\"text-align: center;\"><span style=\"color: #000000;\">Le Slash :<\/span><\/h1>\n<p><a href=\"https:\/\/artisanartistique.fr\/wp-content\/uploads\/2019\/05\/loueloise.jpg\" data-rel=\"lightbox-image-0\" data-rl_title=\"\" data-rl_caption=\"\" title=\"\"><img loading=\"lazy\" decoding=\"async\" class=\"wp-image-202 aligncenter\" src=\"https:\/\/artisanartistique.fr\/wp-content\/uploads\/2019\/05\/loueloise-1024x683.jpg\" alt=\"\" width=\"720\" height=\"480\" srcset=\"https:\/\/artisanartistique.fr\/wp-content\/uploads\/2019\/05\/loueloise-1024x683.jpg 1024w, https:\/\/artisanartistique.fr\/wp-content\/uploads\/2019\/05\/loueloise-300x200.jpg 300w, https:\/\/artisanartistique.fr\/wp-content\/uploads\/2019\/05\/loueloise-768x512.jpg 768w\" sizes=\"auto, (max-width: 720px) 100vw, 720px\" \/><\/a><\/p>\n<p style=\"text-align: center;\"><span style=\"color: #000000;\"><a href=\"https:\/\/www.facebook.com\/artisanartistique.fr\">https:\/\/www.facebook.com\/artisanartistique.fr<\/a><br \/>\nUn jeu en bois <strong>artisanal<\/strong> et <strong>artistique<\/strong>, <strong>invent\u00e9<\/strong> et <strong>fabriqu\u00e9<\/strong> par Hugo Imbert et <strong>illustr\u00e9<\/strong> par diff\u00e9rents artistes !<\/span><\/p>\n<p><span style=\"color: #000000;\">Chaque mod\u00e8le est unique, fabriqu\u00e9 et illustr\u00e9 par nos petites mains.<br \/>\nLe jeu se <strong>plie<\/strong> et se <strong>d\u00e9plie<\/strong> pour prendre moins de place tout en offrant une <strong>installation et desinstallation rapide.<\/strong><\/span><\/p>\n<p><img loading=\"lazy\" decoding=\"async\" class=\"aligncenter wp-image-264 size-large\" src=\"https:\/\/artisanartistique.fr\/wp-content\/uploads\/2019\/05\/slashslidecopie-1024x360.jpg\" alt=\"\" width=\"550\" height=\"193\" srcset=\"https:\/\/artisanartistique.fr\/wp-content\/uploads\/2019\/05\/slashslidecopie-1024x360.jpg 1024w, https:\/\/artisanartistique.fr\/wp-content\/uploads\/2019\/05\/slashslidecopie-300x105.jpg 300w, https:\/\/artisanartistique.fr\/wp-content\/uploads\/2019\/05\/slashslidecopie-768x270.jpg 768w, https:\/\/artisanartistique.fr\/wp-content\/uploads\/2019\/05\/slashslidecopie.jpg 1280w\" sizes=\"auto, (max-width: 550px) 100vw, 550px\" \/><\/p>\n<p><img loading=\"lazy\" decoding=\"async\" class=\"aligncenter wp-image-316 size-large\" src=\"https:\/\/artisanartistique.fr\/wp-content\/uploads\/2019\/05\/slashslide-copie3-1024x360.jpg\" alt=\"\" width=\"550\" height=\"193\" srcset=\"https:\/\/artisanartistique.fr\/wp-content\/uploads\/2019\/05\/slashslide-copie3-1024x360.jpg 1024w, https:\/\/artisanartistique.fr\/wp-content\/uploads\/2019\/05\/slashslide-copie3-300x105.jpg 300w, https:\/\/artisanartistique.fr\/wp-content\/uploads\/2019\/05\/slashslide-copie3-768x270.jpg 768w, https:\/\/artisanartistique.fr\/wp-content\/uploads\/2019\/05\/slashslide-copie3.jpg 1280w\" sizes=\"auto, (max-width: 550px) 100vw, 550px\" \/><\/p>\n<p><img loading=\"lazy\" decoding=\"async\" class=\"aligncenter wp-image-343 size-full\" src=\"https:\/\/artisanartistique.fr\/wp-content\/uploads\/2019\/10\/deplislash.gif\" alt=\"\" width=\"620\" height=\"376\"><\/p>\n<h4><strong>\u2022 <\/strong><span style=\"color: #000000;\"><strong>Type de jeu :<\/strong> r\u00e9flexes, adresse, tactique, strat\u00e9gie<\/span><\/h4>\n<p><span style=\"color: #000000;\">Le slash d\u00e9veloppe les <strong>r\u00e9flexes<\/strong> et <strong>l\u2019adresse<\/strong> qui s\u2019acqui\u00e8rent au fur et \u00e0 mesure que l\u2019on joue. On <strong>progresse<\/strong> vers <strong>un contr\u00f4le des billes<\/strong> qui permet <strong>des attaques tactiques<\/strong> gr\u00e2ce aux coups sp\u00e9ciaux. On peut alors \u00e9laborer une <strong>strat\u00e9gie<\/strong> adapt\u00e9e au jeu et \u00e0 l\u2019adversaire<\/span><\/p>\n<h4><strong><span style=\"color: #000000;\">\u2022 2 \u00e0 8 joueurs : <\/span><\/strong><\/h4>\n<p><span style=\"color: #000000;\">selon les mod\u00e8les et les variantes<\/span><\/p>\n<h4><strong><span style=\"color: #000000;\">\u2022 But du jeu : <\/span><\/strong><\/h4>\n<p><span style=\"color: #000000;\"><strong>Marquer<\/strong> le plus de <strong>points \/billes<\/strong><\/span><br \/>\n<span style=\"color: #000000;\">Envoyer les billes dans le camp adverses \u00e0 l\u2019aide de tapeurs, un point est marqu\u00e9 \u00e0 chaque bille d\u00e9passant la limite du camp adverse. La bille est alors perdue, on ne peut la rejouer.<\/span><\/p>\n<h4><strong><span style=\"color: #000000;\">\u2022 D\u00e9but du jeu : <\/span><\/strong><\/h4>\n<p><span style=\"color: #000000;\">Un joueur lance une bille avec un tappeur<\/span><br \/>\n<span style=\"color: #000000;\">&#8211; Si on la lance doucement, elle redescend dans le camp adverse sur le 1er \u00e9tage.<\/span><br \/>\n<span style=\"color: #000000;\">&#8211; Si on la tire plus fort, la bille saute sur le 2\u00e8me \u00e9tage entra\u00eenant ainsi trois possibilit\u00e9s :<\/span><\/p>\n<ul>\n<li><span style=\"color: #000000;\">Tomber dans un trou dans le camp adverse (plus elle tombe dans un trou \u00e9loign\u00e9, plus elle exige de rapidit\u00e9 du joueur adverse pour r\u00e9agir et la contr\u00f4ler\/renvoyer)<\/span><\/li>\n<li><span style=\"color: #000000;\">Revenir \u00e0 l\u2019envoyeur<\/span><\/li>\n<li><span style=\"color: #000000;\">Monter au 3<sup>\u00e8me<\/sup> \u00e9tage par la rampe d\u2019acc\u00e8s (l\u2019envoyeur peut alors monter un tapeur au 3<sup>\u00e8me<\/sup> \u00e9tage pour d\u00e9crocher des billes et complexifier le jeu)<\/span><\/li>\n<\/ul>\n<h4><strong><span style=\"color: #000000;\">\u2022 Fin du jeu : <\/span><\/strong><\/h4>\n<p><span style=\"color: #000000;\">Quand on ne peut plus jouer de billes<\/span><br \/>\n<span style=\"color: #000000;\">Lorsqu\u2019il ne reste qu\u2019une seule bille en jeux on utilise un seul tappeur pour le <strong>duel final<\/strong>.<\/span><br \/>\n<span style=\"color: #000000;\">D\u00e9comptes des billes\/points marqu\u00e9s dans chaque camps \u00e0 la fin du jeu<\/span><\/p>\n<p><img loading=\"lazy\" decoding=\"async\" class=\"aligncenter wp-image-341 size-full\" src=\"https:\/\/artisanartistique.fr\/wp-content\/uploads\/2019\/10\/GIFSla.gif\" alt=\"\" width=\"620\" height=\"376\"><br \/>\nLe \\SLASH\/ a \u00e9volu\u00e9 au fil des ann\u00e9es comme on peut le voir entre la vid\u00e9o publi\u00e9e en 2013 et celle de 2019 qui pr\u00e9sente l&rsquo;\u00e9dition ViLi ViLi et le \\SLASH\/ !<\/p>\n<p><iframe loading=\"lazy\" title=\"Slash\" width=\"1140\" height=\"641\" src=\"https:\/\/www.youtube.com\/embed\/jd6hhRkGr48?feature=oembed\" frameborder=\"0\" allow=\"accelerometer; autoplay; clipboard-write; encrypted-media; gyroscope; picture-in-picture\" allowfullscreen><\/iframe><\/p>\n<p><iframe loading=\"lazy\" title=\"ViLi ViLi et \/SLASH !\" width=\"1140\" height=\"641\" src=\"https:\/\/www.youtube.com\/embed\/NAiHGAXYoHw?feature=oembed\" frameborder=\"0\" allow=\"accelerometer; autoplay; clipboard-write; encrypted-media; gyroscope; picture-in-picture\" allowfullscreen><\/iframe><\/p>\n<h4><strong><br \/>\n\u2022 <span style=\"color: #000000;\">Variantes possible :<\/span><\/strong><\/h4>\n<p><span style=\"color: #000000;\"><strong>Death match :<\/strong> les billes perdues sont jouables, c\u2019est un entra\u00eenement amusant \u00e0 la prise de r\u00e9flexes !<\/span><br \/>\n<span style=\"color: #000000;\"><strong>Duel :<\/strong> le m\u00eame nombre de billes a port\u00e9 de main pour chaque joueur qui peut les envoyer n\u2019importe quand sur le slash !<\/span><br \/>\n<span style=\"color: #000000;\"><strong>Jeux d\u2019\u00e9quipe :<\/strong> des \u00e9quipes de 2 \u00e0 4 joueurs s\u2019affronte sur tout les \u00e9tages !<\/span><br \/>\n<span style=\"color: #000000;\">Laissez libre cours \u00e0 votre imagination pour inventer vos variantes !<\/span><\/p>\n<h4><strong><span style=\"color: #000000;\">\u2022 Coups sp\u00e9ciaux :<\/span><\/strong><\/h4>\n<p><span style=\"color: #000000;\">On peut jouer sur tout l\u2019espace de jeux \u00e0 condition de d\u00e9crocher les billes uniquement avec d\u2019autres billes.<\/span><br \/>\n<span style=\"color: #000000;\">Cela ouvre des possibilit\u00e9s de coups sp\u00e9ciaux comme tirer directement depuis le deuxi\u00e8me \u00e9tage ou <strong>rebondir<\/strong> sur les <strong>murs<\/strong> ou encore <strong>intercepter<\/strong> des billes au milieu du 1er \u00e9tage.<br \/>\n<img loading=\"lazy\" decoding=\"async\" class=\"aligncenter wp-image-337 size-full\" src=\"https:\/\/artisanartistique.fr\/wp-content\/uploads\/2019\/10\/slashmirroir.gif\" alt=\"\" width=\"620\" height=\"376\"><\/span><\/p>\n<h4><strong><span style=\"color: #000000;\">\u2022 Strat\u00e9gie et tactiques :<\/span><\/strong><\/h4>\n<p><span style=\"color: #000000;\">Plusieurs billes avec des trajectoires diff\u00e9rentes peuvent \u00eatre renvoy\u00e9 d\u2019un seul coups, il faut choisir le bon !<\/span><br \/>\n<span style=\"color: #000000;\">La vision et la compr\u00e9hension globale du jeu, les r\u00e9flexes et les attaques permettent d\u2019\u00e9voluer vers l\u2019\u00e9laboration de strat\u00e9gie. Celle-ci s\u2019adapte \u00e0 l\u2019adversaire et aux billes sur le jeu par des prises de d\u00e9cisions rapides et tactiques. La strat\u00e9gie est l\u2019ensemble de choix sur les mani\u00e8res d\u2019attaquer.<\/span><br \/>\n<span style=\"color: #000000;\">Les attaques sont tactiques en fonction des billes et de leurs trajectoires potentielles.<\/span><br \/>\n<span style=\"color: #000000;\">&#8211; Attaques direct du 1er \u00e9tage : doser la force ou rebondir sur les murs.<\/span><br \/>\n<span style=\"color: #000000;\">&#8211; Attaques du milieu : interception et contre.<\/span><br \/>\n<span style=\"color: #000000;\">&#8211; Attaques du 2\u00e8me \u00e9tage : tirer les billes sur le 2\u00e8me \u00e9tage avant qu\u2019elles ne redescendent.<\/span><br \/>\n<span style=\"color: #000000;\">&#8211; Attaques des trous : doser la force et viser les trous contre les attaques du 2\u00e8me et du milieu.<\/span><br \/>\n<span style=\"color: #000000;\">&#8211; Contr\u00f4le du 3\u00e8me : envoyer les billes au 3\u00e8me pour qu\u2019elles prennent plus de temps \u00e0 redescendre, elles peuvent poursuivre leurs trajectoires tout en offrant de potentiel d\u2019attaques du 2\u00e8me et du milieu, mais si vous attaquez, attention aux trous !<\/span><\/p>\n<h4><strong><span style=\"color: #000000;\">\u2022 S\u00e9curit\u00e9 :<\/span><\/strong><\/h4>\n<p><span style=\"color: #000000;\">Jeux fonctionnel : L\u2019utilisation du jeu est similaire pour des enfants comme pour des adultes.<\/span><br \/>\n<span style=\"color: #000000;\">Attention ! Ne convient pas aux enfants de moins de 8 ans. Ce produit contient de petits aimants. Consulter imm\u00e9diatement un m\u00e9decin en cas d\u2019ingestion d\u2019aimants.<\/span><br \/>\n<span style=\"color: #000000;\">Attention, lorsque ce jeux est utilis\u00e9 par des enfants, la surveillance d\u2019adultes peut \u00eatre n\u00e9cessaire pour garantir leur s\u00e9curit\u00e9 : le slash pourrait \u00eatre dangereux pour des enfants selon l\u2019usage qu\u2019ils en font.<\/span><\/p>\n<p>A partir du 31 mai 2019, une premi\u00e8re s\u00e9rie de slash sera propos\u00e9e \u00e0 la vente !<br \/>\nLes prix varient selon les mod\u00e8les&#8230;<br \/>\nEn fonction du stock disponible ou sur commande.<\/p>\n<p><strong>hugo.imbert@artisanartistique.fr<\/strong><\/p>\n<p><strong><a href=\"https:\/\/artisanartistique.fr\/index.php\/micro-edition-vili-vili\/\">clic ici ou l\u00e0-haut pour l&rsquo;\u00e9dition ViLi ViLi ! <\/a><\/strong><\/p>\n","protected":false},"excerpt":{"rendered":"<p>Le Slash : https:\/\/www.facebook.com\/artisanartistique.fr Un jeu en bois artisanal et artistique, invent\u00e9 et fabriqu\u00e9 par Hugo Imbert et illustr\u00e9 par diff\u00e9rents artistes ! Chaque mod\u00e8le est unique, fabriqu\u00e9 et illustr\u00e9 par nos petites mains. Le jeu se plie et se d\u00e9plie pour prendre moins de place tout en offrant une installation et desinstallation rapide. \u2022 [&hellip;]<\/p>\n","protected":false},"author":1,"featured_media":264,"parent":0,"menu_order":0,"comment_status":"closed","ping_status":"closed","template":"","meta":{"footnotes":""},"class_list":["post-231","page","type-page","status-publish","has-post-thumbnail","hentry"],"_links":{"self":[{"href":"https:\/\/artisanartistique.fr\/index.php\/wp-json\/wp\/v2\/pages\/231","targetHints":{"allow":["GET"]}}],"collection":[{"href":"https:\/\/artisanartistique.fr\/index.php\/wp-json\/wp\/v2\/pages"}],"about":[{"href":"https:\/\/artisanartistique.fr\/index.php\/wp-json\/wp\/v2\/types\/page"}],"author":[{"embeddable":true,"href":"https:\/\/artisanartistique.fr\/index.php\/wp-json\/wp\/v2\/users\/1"}],"replies":[{"embeddable":true,"href":"https:\/\/artisanartistique.fr\/index.php\/wp-json\/wp\/v2\/comments?post=231"}],"version-history":[{"count":0,"href":"https:\/\/artisanartistique.fr\/index.php\/wp-json\/wp\/v2\/pages\/231\/revisions"}],"wp:featuredmedia":[{"embeddable":true,"href":"https:\/\/artisanartistique.fr\/index.php\/wp-json\/wp\/v2\/media\/264"}],"wp:attachment":[{"href":"https:\/\/artisanartistique.fr\/index.php\/wp-json\/wp\/v2\/media?parent=231"}],"curies":[{"name":"wp","href":"https:\/\/api.w.org\/{rel}","templated":true}]}}